{"id":13,"date":"2018-06-29T12:43:08","date_gmt":"2018-06-29T12:43:08","guid":{"rendered":"http:\/\/themes.muffingroup.com\/be\/lawyer4\/?page_id=13"},"modified":"2024-07-07T12:58:43","modified_gmt":"2024-07-07T12:58:43","slug":"contact","status":"publish","type":"page","link":"https:\/\/bordersvisa.com\/us\/contact\/","title":{"rendered":"Contact"},"content":{"rendered":"<div class=\"frm_forms  with_frm_style frm_style_borders_defautl\" id=\"frm_form_5_container\" data-token=\"36c2b1fa9d0a3d97d5f581c6ba61bfa0\">\n<form enctype=\"multipart\/form-data\" method=\"post\" class=\"frm-show-form  frm_pro_form \" id=\"form_jjardel2\" data-token=\"36c2b1fa9d0a3d97d5f581c6ba61bfa0\">\n<div class=\"frm_form_fields \">\n<fieldset>\n<legend class=\"frm_screen_reader\">Formul\u00e1rio de Contato<\/legend>\r\n\r\n<div class=\"frm_fields_container\">\n<input type=\"hidden\" name=\"frm_action\" value=\"create\" \/>\n<input type=\"hidden\" name=\"form_id\" value=\"5\" \/>\n<input type=\"hidden\" name=\"frm_hide_fields_5\" id=\"frm_hide_fields_5\" value=\"\" \/>\n<input type=\"hidden\" name=\"form_key\" value=\"jjardel2\" \/>\n<input type=\"hidden\" name=\"item_meta[0]\" value=\"\" \/>\n<input type=\"hidden\" id=\"frm_submit_entry_5\" name=\"frm_submit_entry_5\" value=\"9d58f84885\" \/><input type=\"hidden\" name=\"_wp_http_referer\" value=\"\/us\/wp-json\/wp\/v2\/pages\/13\" \/><div id=\"frm_field_138_container\" class=\"frm_form_field form-field  frm_required_field frm_top_container frm12 frm_color_block\">\r\n    <div id=\"field_kniwr_label\" class=\"frm_primary_label\">Please, inform your name\r\n        <span class=\"frm_required\" aria-hidden=\"true\">*<\/span>\r\n    <\/div>\r\n    <fieldset aria-labelledby=\"field_kniwr_label\">\n\t<legend class=\"frm_screen_reader frm_hidden\">\n\t\tPlease, inform your name\t<\/legend>\n\n\t<div  class=\"frm_combo_inputs_container\" id=\"frm_combo_inputs_container_138\" data-name-layout=\"first_last\">\n\t\t\t\t\t<div\n\t\t\t\tid=\"frm_field_138-first_container\"\n\t\t\t\tclass=\"frm_form_field form-field frm_form_subfield-first  frm6\"\n\t\t\t\tdata-sub-field-name=\"first\"\n\t\t\t>\n\t\t\t\t<label for=\"field_kniwr_first\" class=\"frm_screen_reader frm_hidden\">\n\t\t\t\t\tName\t\t\t\t<\/label>\n\n\t\t\t\t\t\t\t\t\t\t<input\n\t\t\t\t\t\t\ttype=\"text\"\n\t\t\t\t\t\t\tid=\"field_kniwr_first\"\n\t\t\t\t\t\t\tvalue=\"\"\n\t\t\t\t\t\t\tname=\"item_meta[138][first]\"  data-reqmsg=\"Please, inform your name cannot be blank.\" aria-required=\"true\" data-invmsg=\"Please, inform your name is invalid\" aria-invalid=\"false\"  \t\t\t\t\t\t\/>\n\t\t\t\t\t\t<div class=\"frm_description\" id=\"frm_field_138_first_desc\">Name<\/div>\t\t\t<\/div>\n\t\t\t\t\t\t<div\n\t\t\t\tid=\"frm_field_138-last_container\"\n\t\t\t\tclass=\"frm_form_field form-field frm_form_subfield-last  frm6\"\n\t\t\t\tdata-sub-field-name=\"last\"\n\t\t\t>\n\t\t\t\t<label for=\"field_kniwr_last\" class=\"frm_screen_reader frm_hidden\">\n\t\t\t\t\tSurname\t\t\t\t<\/label>\n\n\t\t\t\t\t\t\t\t\t\t<input\n\t\t\t\t\t\t\ttype=\"text\"\n\t\t\t\t\t\t\tid=\"field_kniwr_last\"\n\t\t\t\t\t\t\tvalue=\"\"\n\t\t\t\t\t\t\tname=\"item_meta[138][last]\"  data-reqmsg=\"Please, inform your name cannot be blank.\" aria-required=\"true\" data-invmsg=\"Please, inform your name is invalid\" aria-invalid=\"false\"  \t\t\t\t\t\t\/>\n\t\t\t\t\t\t<div class=\"frm_description\" id=\"frm_field_138_last_desc\">Surname<\/div>\t\t\t<\/div>\n\t\t\t\t<\/div>\n<\/fieldset>\n\r\n    \r\n    \r\n<\/div>\n<div id=\"frm_field_139_container\" class=\"frm_form_field form-field  frm_required_field frm_top_container frm6 frm_first frm_color_block\">\r\n\t<label for=\"field_l8o9i\" id=\"field_l8o9i_label\" class=\"frm_primary_label\">Seu email\r\n\t\t<span class=\"frm_required\" aria-hidden=\"true\">*<\/span>\r\n\t<\/label>\r\n\t<input type=\"email\" id=\"field_l8o9i\" name=\"item_meta[139]\" value=\"\"  data-reqmsg=\"Seu email cannot be blank.\" aria-required=\"true\" data-invmsg=\"Email is invalid\" aria-invalid=\"false\"   aria-describedby=\"frm_desc_field_l8o9i\"\/>\r\n\t<div class=\"frm_description\" id=\"frm_desc_field_l8o9i\">* Please enter your email.<\/div>\r\n\t\r\n<\/div>\n<div id=\"frm_field_140_container\" class=\"frm_form_field form-field  frm_required_field frm_top_container frm6 frm6 frm_color_block\">\r\n\t<label for=\"field_29k5j\" id=\"field_29k5j_label\" class=\"frm_primary_label\">Your Phone\r\n\t\t<span class=\"frm_required\" aria-hidden=\"true\">*<\/span>\r\n\t<\/label>\r\n\t<input type=\"tel\" id=\"field_29k5j\" name=\"item_meta[140]\" value=\"\"  data-frmmask=\"(99)99999-9999\" data-reqmsg=\"Your Phone cannot be blank.\" aria-required=\"true\" data-invmsg=\"Your Phone is invalid\" aria-invalid=\"false\" pattern=\"\\(\\d\\d\\)\\d\\d\\d\\d\\d-\\d\\d\\d\\d$\"   aria-describedby=\"frm_desc_field_29k5j\"\/>\r\n\t<div class=\"frm_description\" id=\"frm_desc_field_29k5j\">* Please enter your Phone.<\/div>\r\n\t\r\n<\/div>\n<div id=\"frm_field_141_container\" class=\"frm_form_field form-field  frm_required_field frm_top_container frm12 frm_first frm_color_block vertical_radio\">\r\n\t<div  id=\"field_8u9ox_label\" class=\"frm_primary_label\">Already in the United States?\r\n\t\t<span class=\"frm_required\" aria-hidden=\"true\">*<\/span>\r\n\t<\/div>\r\n\t<div class=\"frm_opt_container\" aria-labelledby=\"field_8u9ox_label\" role=\"group\">\t\t<div class=\"frm_checkbox\" id=\"frm_checkbox_141-0\">\t\t\t<label  for=\"field_8u9ox-0\">\n\t\t\t<input type=\"checkbox\" name=\"item_meta[141][]\" id=\"field_8u9ox-0\" value=\"No\"  data-frmlimit=\"1\"  data-reqmsg=\"Already in the United States? n\u00e3o pode ficar sem selecionar uma op\u00e7\u00e3o\" data-invmsg=\"Already in the United States? is invalid\" aria-invalid=\"false\"   aria-required=\"true\"  \/> No<\/label><\/div>\n\t\t<div class=\"frm_checkbox\" id=\"frm_checkbox_141-1\">\t\t\t<label  for=\"field_8u9ox-1\">\n\t\t\t<input type=\"checkbox\" name=\"item_meta[141][]\" id=\"field_8u9ox-1\" value=\"Yes\"  data-frmlimit=\"1\"  data-reqmsg=\"Already in the United States? n\u00e3o pode ficar sem selecionar uma op\u00e7\u00e3o\" data-invmsg=\"Already in the United States? is invalid\" aria-invalid=\"false\"   \/> Yes<\/label><\/div>\n<\/div>\r\n\t<div class=\"frm_description\" id=\"frm_desc_field_8u9ox\">* Please select an option.<\/div>\r\n\t\r\n<\/div>\n<div id=\"frm_field_142_container\" class=\"frm_form_field form-field  frm_required_field frm_top_container frm12 frm12 frm_first frm_color_block vertical_radio\">\r\n\t<div  id=\"field_hh5b4_label\" class=\"frm_primary_label\">What is your level of education\r\n\t\t<span class=\"frm_required\" aria-hidden=\"true\">*<\/span>\r\n\t<\/div>\r\n\t<div class=\"frm_opt_container\" aria-labelledby=\"field_hh5b4_label\" role=\"group\">\t\t<div class=\"frm_checkbox\" id=\"frm_checkbox_142-0\">\t\t\t<label  for=\"field_hh5b4-0\">\n\t\t\t<input type=\"checkbox\" name=\"item_meta[142][]\" id=\"field_hh5b4-0\" value=\"Technologist\"  data-reqmsg=\"What is your level of education n\u00e3o pode ficar sem selecionar uma op\u00e7\u00e3o\" data-invmsg=\"What is your level of education is invalid\" aria-invalid=\"false\"   aria-required=\"true\"  \/> Technologist<\/label><\/div>\n\t\t<div class=\"frm_checkbox\" id=\"frm_checkbox_142-1\">\t\t\t<label  for=\"field_hh5b4-1\">\n\t\t\t<input type=\"checkbox\" name=\"item_meta[142][]\" id=\"field_hh5b4-1\" value=\"Bachelor Degree\"  data-reqmsg=\"What is your level of education n\u00e3o pode ficar sem selecionar uma op\u00e7\u00e3o\" data-invmsg=\"What is your level of education is invalid\" aria-invalid=\"false\"   \/> Bachelor Degree<\/label><\/div>\n\t\t<div class=\"frm_checkbox\" id=\"frm_checkbox_142-2\">\t\t\t<label  for=\"field_hh5b4-2\">\n\t\t\t<input type=\"checkbox\" name=\"item_meta[142][]\" id=\"field_hh5b4-2\" value=\"MBA or Postgraduate\"  data-reqmsg=\"What is your level of education n\u00e3o pode ficar sem selecionar uma op\u00e7\u00e3o\" data-invmsg=\"What is your level of education is invalid\" aria-invalid=\"false\"   \/> MBA or Postgraduate<\/label><\/div>\n\t\t<div class=\"frm_checkbox\" id=\"frm_checkbox_142-3\">\t\t\t<label  for=\"field_hh5b4-3\">\n\t\t\t<input type=\"checkbox\" name=\"item_meta[142][]\" id=\"field_hh5b4-3\" value=\"Master&#039;s degree\"  data-reqmsg=\"What is your level of education n\u00e3o pode ficar sem selecionar uma op\u00e7\u00e3o\" data-invmsg=\"What is your level of education is invalid\" aria-invalid=\"false\"   \/> Master&#8217;s degree<\/label><\/div>\n\t\t<div class=\"frm_checkbox\" id=\"frm_checkbox_142-4\">\t\t\t<label  for=\"field_hh5b4-4\">\n\t\t\t<input type=\"checkbox\" name=\"item_meta[142][]\" id=\"field_hh5b4-4\" value=\"Doctorate degree\"  data-reqmsg=\"What is your level of education n\u00e3o pode ficar sem selecionar uma op\u00e7\u00e3o\" data-invmsg=\"What is your level of education is invalid\" aria-invalid=\"false\"   \/> Doctorate degree<\/label><\/div>\n<\/div>\r\n\t<div class=\"frm_description\" id=\"frm_desc_field_hh5b4\">* Please select an option.It is possible to choose more than one option.<\/div>\r\n\t\r\n<\/div>\n<div id=\"frm_field_143_container\" class=\"frm_form_field form-field  frm_required_field frm_top_container frm12 frm_color_block vertical_radio\">\r\n\t<div  id=\"field_k5ifm_label\" class=\"frm_primary_label\">Select the alternative that best fits your case *\r\n\t\t<span class=\"frm_required\" aria-hidden=\"true\">*<\/span>\r\n\t<\/div>\r\n\t<div class=\"frm_opt_container\" aria-labelledby=\"field_k5ifm_label\" role=\"group\">\t\t<div class=\"frm_checkbox\" id=\"frm_checkbox_143-0\">\t\t\t<label  for=\"field_k5ifm-0\">\n\t\t\t<input type=\"checkbox\" name=\"item_meta[143][]\" id=\"field_k5ifm-0\" value=\"I work in one of the following areas: Healthcare, Engineering, IT, Education, Finance or Business\"  data-frmlimit=\"1\"  data-reqmsg=\"Select the alternative that best fits your case * n\u00e3o pode ficar sem selecionar uma op\u00e7\u00e3o\" data-invmsg=\"Select the alternative that best fits your case * is invalid\" aria-invalid=\"false\"   aria-required=\"true\"  \/> I work in one of the following areas: Healthcare, Engineering, IT, Education, Finance or Business<\/label><\/div>\n\t\t<div class=\"frm_checkbox\" id=\"frm_checkbox_143-1\">\t\t\t<label  for=\"field_k5ifm-1\">\n\t\t\t<input type=\"checkbox\" name=\"item_meta[143][]\" id=\"field_k5ifm-1\" value=\"I&#039;m a businessman\"  data-frmlimit=\"1\"  data-reqmsg=\"Select the alternative that best fits your case * n\u00e3o pode ficar sem selecionar uma op\u00e7\u00e3o\" data-invmsg=\"Select the alternative that best fits your case * is invalid\" aria-invalid=\"false\"   \/> I&#8217;m a businessman<\/label><\/div>\n\t\t<div class=\"frm_checkbox\" id=\"frm_checkbox_143-2\">\t\t\t<label  for=\"field_k5ifm-2\">\n\t\t\t<input type=\"checkbox\" name=\"item_meta[143][]\" id=\"field_k5ifm-2\" value=\"I am an athlete, artist or digital influencer\"  data-frmlimit=\"1\"  data-reqmsg=\"Select the alternative that best fits your case * n\u00e3o pode ficar sem selecionar uma op\u00e7\u00e3o\" data-invmsg=\"Select the alternative that best fits your case * is invalid\" aria-invalid=\"false\"   \/> I am an athlete, artist or digital influencer<\/label><\/div>\n\t\t<div class=\"frm_checkbox\" id=\"frm_checkbox_143-3\">\t\t\t<label  for=\"field_k5ifm-3\">\n\t\t\t<input type=\"checkbox\" name=\"item_meta[143][]\" id=\"field_k5ifm-3\" value=\"I received an award of international relevance and I can prove it\"  data-frmlimit=\"1\"  data-reqmsg=\"Select the alternative that best fits your case * n\u00e3o pode ficar sem selecionar uma op\u00e7\u00e3o\" data-invmsg=\"Select the alternative that best fits your case * is invalid\" aria-invalid=\"false\"   \/> I received an award of international relevance and I can prove it<\/label><\/div>\n\t\t<div class=\"frm_checkbox\" id=\"frm_checkbox_143-4\">\t\t\t<label  for=\"field_k5ifm-4\">\n\t\t\t<input type=\"checkbox\" name=\"item_meta[143][]\" id=\"field_k5ifm-4\" value=\"I wrote articles, published books or was mentioned in important media outlets due to my professional capacity\"  data-frmlimit=\"1\"  data-reqmsg=\"Select the alternative that best fits your case * n\u00e3o pode ficar sem selecionar uma op\u00e7\u00e3o\" data-invmsg=\"Select the alternative that best fits your case * is invalid\" aria-invalid=\"false\"   \/> I wrote articles, published books or was mentioned in important media outlets due to my professional capacity<\/label><\/div>\n\t\t<div class=\"frm_checkbox\" id=\"frm_checkbox_143-5\">\t\t\t<label  for=\"field_k5ifm-5\">\n\t\t\t<input type=\"checkbox\" name=\"item_meta[143][]\" id=\"field_k5ifm-5\" value=\"I don&#039;t fit into any of the options\"  data-frmlimit=\"1\"  data-reqmsg=\"Select the alternative that best fits your case * n\u00e3o pode ficar sem selecionar uma op\u00e7\u00e3o\" data-invmsg=\"Select the alternative that best fits your case * is invalid\" aria-invalid=\"false\"   \/> I don&#8217;t fit into any of the options<\/label><\/div>\n<\/div>\r\n\t<div class=\"frm_description\" id=\"frm_desc_field_k5ifm\">* Please select an option.<\/div>\r\n\t\r\n<\/div>\n<div id=\"frm_field_144_container\" class=\"frm_form_field form-field  frm_top_container frm6 frm12 frm_first frm_color_block vertical_radio\">\r\n\t<div  id=\"field_xekws_label\" class=\"frm_primary_label\">What is your professional experience?\r\n\t\t<span class=\"frm_required\" aria-hidden=\"true\"><\/span>\r\n\t<\/div>\r\n\t<div class=\"frm_opt_container\" aria-labelledby=\"field_xekws_label\" role=\"group\">\t\t<div class=\"frm_checkbox\" id=\"frm_checkbox_144-0\">\t\t\t<label  for=\"field_xekws-0\">\n\t\t\t<input type=\"checkbox\" name=\"item_meta[144][]\" id=\"field_xekws-0\" value=\"1 to 4 years\"  data-frmlimit=\"1\"  data-invmsg=\"What is your professional experience? is invalid\" aria-invalid=\"false\"   \/> 1 to 4 years<\/label><\/div>\n\t\t<div class=\"frm_checkbox\" id=\"frm_checkbox_144-1\">\t\t\t<label  for=\"field_xekws-1\">\n\t\t\t<input type=\"checkbox\" name=\"item_meta[144][]\" id=\"field_xekws-1\" value=\"5 to 9 years\"  data-frmlimit=\"1\"  data-invmsg=\"What is your professional experience? is invalid\" aria-invalid=\"false\"   \/> 5 to 9 years<\/label><\/div>\n\t\t<div class=\"frm_checkbox\" id=\"frm_checkbox_144-2\">\t\t\t<label  for=\"field_xekws-2\">\n\t\t\t<input type=\"checkbox\" name=\"item_meta[144][]\" id=\"field_xekws-2\" value=\"Over 9 Years\"  data-frmlimit=\"1\"  data-invmsg=\"What is your professional experience? is invalid\" aria-invalid=\"false\"   \/> Over 9 Years<\/label><\/div>\n<\/div>\r\n\t<div class=\"frm_description\" id=\"frm_desc_field_xekws\">* Please select an option.<\/div>\r\n\t\r\n<\/div>\n<div id=\"frm_field_145_container\" class=\"frm_form_field form-field  frm_required_field frm_top_container frm6 frm_color_block vertical_radio\">\r\n\t<div  id=\"field_8273f_label\" class=\"frm_primary_label\">Is there any company proposed in the United States to hire you? *\r\n\t\t<span class=\"frm_required\" aria-hidden=\"true\">*<\/span>\r\n\t<\/div>\r\n\t<div class=\"frm_opt_container\" aria-labelledby=\"field_8273f_label\" role=\"group\">\t\t<div class=\"frm_checkbox\" id=\"frm_checkbox_145-0\">\t\t\t<label  for=\"field_8273f-0\">\n\t\t\t<input type=\"checkbox\" name=\"item_meta[145][]\" id=\"field_8273f-0\" value=\"No\"  data-frmlimit=\"1\"  data-reqmsg=\"Is there any company proposed in the United States to hire you? * n\u00e3o pode ficar sem selecionar uma op\u00e7\u00e3o\" data-invmsg=\"Is there any company proposed in the United States to hire you? * is invalid\" aria-invalid=\"false\"   aria-required=\"true\"  \/> No<\/label><\/div>\n\t\t<div class=\"frm_checkbox\" id=\"frm_checkbox_145-1\">\t\t\t<label  for=\"field_8273f-1\">\n\t\t\t<input type=\"checkbox\" name=\"item_meta[145][]\" id=\"field_8273f-1\" value=\"Yes\"  data-frmlimit=\"1\"  data-reqmsg=\"Is there any company proposed in the United States to hire you? * n\u00e3o pode ficar sem selecionar uma op\u00e7\u00e3o\" data-invmsg=\"Is there any company proposed in the United States to hire you? * is invalid\" aria-invalid=\"false\"   \/> Yes<\/label><\/div>\n<\/div>\r\n\t<div class=\"frm_description\" id=\"frm_desc_field_8273f\">* Please select an option.<\/div>\r\n\t\r\n<\/div>\n<div id=\"frm_field_146_container\" class=\"frm_form_field form-field  frm_required_field frm_top_container frm12 frm_color_block vertical_radio\">\r\n    <div id=\"field_q5xnk_label\" class=\"frm_primary_label\">How urgently do you need it?\r\n        <span class=\"frm_required\" aria-hidden=\"true\">*<\/span>\r\n    <\/div>\r\n    <div class=\"frm_opt_container\" role=\"radiogroup\" aria-required=\"true\">\t\t<div class=\"frm_radio\" id=\"frm_radio_146-1\">\t\t\t<label  for=\"field_q5xnk-1\">\n\t\t\t\t\t<input type=\"radio\" name=\"item_meta[146]\" id=\"field_q5xnk-1\" value=\"Asylum (humanitarian visa)\"\n\t\t   data-reqmsg=\"How urgently do you need it? cannot be blank.\" data-invmsg=\"How urgently do you need it? is invalid\" aria-invalid=\"false\"  \/> Asylum (humanitarian visa)<\/label><\/div>\n\t\t<div class=\"frm_radio\" id=\"frm_radio_146-0\">\t\t\t<label  for=\"field_q5xnk-0\">\n\t\t\t\t\t<input type=\"radio\" name=\"item_meta[146]\" id=\"field_q5xnk-0\" value=\"ASAP\"\n\t\t   data-reqmsg=\"How urgently do you need it? cannot be blank.\" data-invmsg=\"How urgently do you need it? is invalid\" aria-invalid=\"false\"  \/> ASAP<\/label><\/div>\n\t\t<div class=\"frm_radio\" id=\"frm_radio_146-2\">\t\t\t<label  for=\"field_q5xnk-2\">\n\t\t\t\t\t<input type=\"radio\" name=\"item_meta[146]\" id=\"field_q5xnk-2\" value=\"In the next 2 or 3 months\"\n\t\t   data-reqmsg=\"How urgently do you need it? cannot be blank.\" data-invmsg=\"How urgently do you need it? is invalid\" aria-invalid=\"false\"  \/> In the next 2 or 3 months<\/label><\/div>\n\t\t<div class=\"frm_radio\" id=\"frm_radio_146-3\">\t\t\t<label  for=\"field_q5xnk-3\">\n\t\t\t\t\t<input type=\"radio\" name=\"item_meta[146]\" id=\"field_q5xnk-3\" value=\"No urgency, I&#039;m just looking for information\"\n\t\t   data-reqmsg=\"How urgently do you need it? cannot be blank.\" data-invmsg=\"How urgently do you need it? is invalid\" aria-invalid=\"false\"  \/> No urgency, I&#8217;m just looking for information<\/label><\/div>\n<\/div>\r\n    <div class=\"frm_description\" id=\"frm_desc_field_q5xnk\">* Please select an option.<\/div>\r\n    \r\n<\/div>\n<div id=\"frm_field_147_container\" class=\"frm_form_field form-field  frm_required_field frm_inside_container frm_color_block\">\r\n\t<label for=\"field_cy8h\" id=\"field_cy8h_label\" class=\"frm_primary_label\">Provide more initial information about your case\r\n\t\t<span class=\"frm_required\" aria-hidden=\"true\">*<\/span>\r\n\t<\/label>\r\n\t<textarea name=\"item_meta[147]\" id=\"field_cy8h\" rows=\"5\"  data-reqmsg=\"Provide more initial information about your case cannot be blank.\" aria-required=\"true\" data-invmsg=\"Provide more initial information about your case is invalid\" aria-invalid=\"false\"  ><\/textarea>\r\n\t\r\n\t\r\n<\/div>\n<div id=\"frm_field_148_container\" class=\"frm_form_field form-field \">\r\n\t<div class=\"frm_submit\">\r\n\r\n<button class=\"frm_button_submit frm_final_submit\" type=\"submit\" >Send information<\/button>\r\n\r\n<a href=\"#\" tabindex=\"0\" class=\"frm_start_over\">Restart<\/a>\r\n<\/div>\r\n<\/div>\n\t<input type=\"hidden\" name=\"item_key\" value=\"\" \/>\n\t\t\t\t<div class=\"frm__668720b497658\">\n\t\t\t\t<label for=\"frm_email_5\" >\n\t\t\t\t\tIf you are human, leave this field blank.\t\t\t\t<\/label>\n\t\t\t\t<input  id=\"frm_email_5\" type=\"text\" class=\"frm_verify\" name=\"frm__668720b497658\" value=\"\" autocomplete=\"off\"  \/>\n\t\t\t<\/div>\n\t\t<input name=\"frm_state\" type=\"hidden\" value=\"l3i9WPhHhBq18c8LLu7bqiswsm69zlH7xHSbb40jvbE=\" \/><\/div>\n<\/fieldset>\n<\/div>\n\n<\/form>\n<\/div>\n","protected":false},"excerpt":{"rendered":"","protected":false},"author":1,"featured_media":0,"parent":0,"menu_order":0,"comment_status":"open","ping_status":"closed","template":"","meta":{"footnotes":""},"class_list":["post-13","page","type-page","status-publish","hentry"],"_links":{"self":[{"href":"https:\/\/bordersvisa.com\/us\/wp-json\/wp\/v2\/pages\/13","targetHints":{"allow":["GET"]}}],"collection":[{"href":"https:\/\/bordersvisa.com\/us\/wp-json\/wp\/v2\/pages"}],"about":[{"href":"https:\/\/bordersvisa.com\/us\/wp-json\/wp\/v2\/types\/page"}],"author":[{"embeddable":true,"href":"https:\/\/bordersvisa.com\/us\/wp-json\/wp\/v2\/users\/1"}],"replies":[{"embeddable":true,"href":"https:\/\/bordersvisa.com\/us\/wp-json\/wp\/v2\/comments?post=13"}],"version-history":[{"count":1,"href":"https:\/\/bordersvisa.com\/us\/wp-json\/wp\/v2\/pages\/13\/revisions"}],"predecessor-version":[{"id":106,"href":"https:\/\/bordersvisa.com\/us\/wp-json\/wp\/v2\/pages\/13\/revisions\/106"}],"wp:attachment":[{"href":"https:\/\/bordersvisa.com\/us\/wp-json\/wp\/v2\/media?parent=13"}],"curies":[{"name":"wp","href":"https:\/\/api.w.org\/{rel}","templated":true}]}}